{"id":11,"date":"2025-12-31T17:45:12","date_gmt":"2025-12-31T17:45:12","guid":{"rendered":"https:\/\/molimomusicads.fr\/?page_id=11"},"modified":"2026-02-03T19:14:33","modified_gmt":"2026-02-03T19:14:33","slug":"methode","status":"publish","type":"page","link":"https:\/\/molimomusicads.fr\/index.php\/methode\/","title":{"rendered":"M\u00e9thode"},"content":{"rendered":"\t\t<div data-elementor-type=\"wp-page\" data-elementor-id=\"11\" class=\"elementor elementor-11\">\n\t\t\t\t<div class=\"elementor-element elementor-element-0338885 e-flex e-con-boxed e-con e-parent\" data-id=\"0338885\" data-element_type=\"container\">\n\t\t\t\t\t<div class=\"e-con-inner\">\n\t\t\t\t<div class=\"elementor-element elementor-element-849ac0b elementor-widget elementor-widget-html\" data-id=\"849ac0b\" data-element_type=\"widget\" data-widget_type=\"html.default\">\n\t\t\t\t\t<section class=\"section\">\n  <div class=\"container\">\n    <h1>Notre m\u00e9thode<\/h1>\n    <p>\n      Une approche structur\u00e9e, orient\u00e9e performance\n      et respectueuse des plateformes.\n    <\/p>\n\n    <div class=\"grid-3\">\n\n      <div class=\"card\">\n        <h3>1. Analyse<\/h3>\n        <p>Audit du projet, des titres et des objectifs.<\/p>\n      <\/div>\n\n      <div class=\"card\">\n        <h3>2. Strat\u00e9gie<\/h3>\n        <p>Choix des plateformes, audiences et formats.<\/p>\n      <\/div>\n\n      <div class=\"card\">\n        <h3>3. Lancement<\/h3>\n        <p>Mise en place des campagnes publicitaires.<\/p>\n      <\/div>\n\n      <div class=\"card\">\n        <h3>4. Optimisation<\/h3>\n        <p>Am\u00e9lioration continue bas\u00e9e sur la data.<\/p>\n      <\/div>\n\n      <div class=\"card\">\n        <h3>5. Reporting<\/h3>\n        <p>Suivi clair et d\u00e9cisions strat\u00e9giques.<\/p>\n      <\/div>\n\n\n\n\n\n\n\n\n\n\n\n\t\t\t\t<\/div>\n\t\t\t\t\t<\/div>\n\t\t\t\t<\/div>\n\t\t\t\t<\/div>\n\t\t","protected":false},"excerpt":{"rendered":"<p>Notre m\u00e9thode Une approche structur\u00e9e, orient\u00e9e performance et respectueuse des plateformes. 1. Analyse Audit du projet, des titres et des [&hellip;]<\/p>\n","protected":false},"author":1,"featured_media":0,"parent":0,"menu_order":0,"comment_status":"closed","ping_status":"closed","template":"","meta":{"site-sidebar-layout":"no-sidebar","site-content-layout":"","ast-site-content-layout":"full-width-container","site-content-style":"default","site-sidebar-style":"default","ast-global-header-display":"","ast-banner-title-visibility":"","ast-main-header-display":"","ast-hfb-above-header-display":"","ast-hfb-below-header-display":"","ast-hfb-mobile-header-display":"","site-post-title":"disabled","ast-breadcrumbs-content":"","ast-featured-img":"disabled","footer-sml-layout":"","ast-disable-related-posts":"","theme-transparent-header-meta":"","adv-header-id-meta":"","stick-header-meta":"","header-above-stick-meta":"","header-main-stick-meta":"","header-below-stick-meta":"","astra-migrate-meta-layouts":"default","ast-page-background-enabled":"default","ast-page-background-meta":{"desktop":{"background-color":"var(--ast-global-color-5)","background-image":"","background-repeat":"repeat","background-position":"center center","background-size":"auto","background-attachment":"scroll","background-type":"","background-media":"","overlay-type":"","overlay-color":"","overlay-opacity":"","overlay-gradient":""},"tablet":{"background-color":"","background-image":"","background-repeat":"repeat","background-position":"center center","background-size":"auto","background-attachment":"scroll","background-type":"","background-media":"","overlay-type":"","overlay-color":"","overlay-opacity":"","overlay-gradient":""},"mobile":{"background-color":"","background-image":"","background-repeat":"repeat","background-position":"center center","background-size":"auto","background-attachment":"scroll","background-type":"","background-media":"","overlay-type":"","overlay-color":"","overlay-opacity":"","overlay-gradient":""}},"ast-content-background-meta":{"desktop":{"background-color":"var(--ast-global-color-4)","background-image":"","background-repeat":"repeat","background-position":"center center","background-size":"auto","background-attachment":"scroll","background-type":"","background-media":"","overlay-type":"","overlay-color":"","overlay-opacity":"","overlay-gradient":""},"tablet":{"background-color":"var(--ast-global-color-4)","background-image":"","background-repeat":"repeat","background-position":"center center","background-size":"auto","background-attachment":"scroll","background-type":"","background-media":"","overlay-type":"","overlay-color":"","overlay-opacity":"","overlay-gradient":""},"mobile":{"background-color":"var(--ast-global-color-4)","background-image":"","background-repeat":"repeat","background-position":"center center","background-size":"auto","background-attachment":"scroll","background-type":"","background-media":"","overlay-type":"","overlay-color":"","overlay-opacity":"","overlay-gradient":""}},"footnotes":""},"class_list":["post-11","page","type-page","status-publish","hentry"],"_links":{"self":[{"href":"https:\/\/molimomusicads.fr\/index.php\/wp-json\/wp\/v2\/pages\/11","targetHints":{"allow":["GET"]}}],"collection":[{"href":"https:\/\/molimomusicads.fr\/index.php\/wp-json\/wp\/v2\/pages"}],"about":[{"href":"https:\/\/molimomusicads.fr\/index.php\/wp-json\/wp\/v2\/types\/page"}],"author":[{"embeddable":true,"href":"https:\/\/molimomusicads.fr\/index.php\/wp-json\/wp\/v2\/users\/1"}],"replies":[{"embeddable":true,"href":"https:\/\/molimomusicads.fr\/index.php\/wp-json\/wp\/v2\/comments?post=11"}],"version-history":[{"count":7,"href":"https:\/\/molimomusicads.fr\/index.php\/wp-json\/wp\/v2\/pages\/11\/revisions"}],"predecessor-version":[{"id":277,"href":"https:\/\/molimomusicads.fr\/index.php\/wp-json\/wp\/v2\/pages\/11\/revisions\/277"}],"wp:attachment":[{"href":"https:\/\/molimomusicads.fr\/index.php\/wp-json\/wp\/v2\/media?parent=11"}],"curies":[{"name":"wp","href":"https:\/\/api.w.org\/{rel}","templated":true}]}}